{"id":1623,"date":"2022-07-28T15:54:43","date_gmt":"2022-07-28T15:54:43","guid":{"rendered":"https:\/\/www.txotitelles.com\/la-compania\/"},"modified":"2023-01-24T18:49:45","modified_gmt":"2023-01-24T18:49:45","slug":"la-compania","status":"publish","type":"page","link":"https:\/\/www.txotitelles.com\/es\/la-compania\/","title":{"rendered":"La compa\u00f1\u00eda"},"content":{"rendered":"\n<div class=\"wp-block-genesis-blocks-gb-container alignfull idiomes gb-block-container\"><div class=\"gb-container-inside\"><div class=\"gb-container-content\">\n<div style=\"height:20px\" aria-hidden=\"true\" class=\"wp-block-spacer\"><\/div>\n\n\n\n<section class=\"wp-block-uagb-columns uagb-columns__wrap uagb-columns__background-none uagb-columns__stack-none uagb-columns__valign- uagb-columns__gap-10 align uagb-block-55babfae uagb-columns__columns-3 uagb-columns__max_width-theme\"><div class=\"uagb-columns__overlay\"><\/div><div class=\"uagb-columns__inner-wrap uagb-columns__columns-3\">\n<div class=\"wp-block-uagb-column uagb-column__wrap uagb-column__background-undefined uagb-block-b7ba4b82\"><div class=\"uagb-column__overlay\"><\/div><\/div>\n\n\n\n<div class=\"wp-block-uagb-column uagb-column__wrap uagb-column__background-undefined uagb-block-47f79410\"><div class=\"uagb-column__overlay\"><\/div><div class=\"wp-block-image logotip\">\n<figure class=\"aligncenter size-full is-resized\"><a href=\"https:\/\/www.txotitelles.com\/\"><img loading=\"lazy\" decoding=\"async\" src=\"https:\/\/www.txotitelles.com\/wp-content\/uploads\/2022\/07\/logoTxoTitelles.png\" alt=\"\" class=\"wp-image-582\" width=\"105\" height=\"107\" srcset=\"https:\/\/www.txotitelles.com\/wp-content\/uploads\/2022\/07\/logoTxoTitelles.png 180w, https:\/\/www.txotitelles.com\/wp-content\/uploads\/2022\/07\/logoTxoTitelles-75x75.png 75w\" sizes=\"auto, (max-width: 105px) 100vw, 105px\" \/><\/a><\/figure>\n<\/div><\/div>\n\n\n\n<div class=\"wp-block-uagb-column uagb-column__wrap uagb-column__background-undefined uagb-block-2f5ab1e2\"><div class=\"uagb-column__overlay\"><\/div>\n<p class=\"has-text-align-right idiomes has-white-color has-text-color\"><a href=\"https:\/\/www.txotitelles.com\/\" data-type=\"page\" data-id=\"7\">CAT<\/a> | <a href=\"\/es\">ESP<\/a><\/p>\n<\/div>\n<\/div><\/section>\n<\/div><\/div><\/div>\n\n<div class=\"wp-block-cover alignfull\" style=\"min-height:700px;aspect-ratio:unset;\"><span aria-hidden=\"true\" class=\"wp-block-cover__background has-background-dim\"><\/span><img loading=\"lazy\" decoding=\"async\" width=\"2000\" height=\"1331\" class=\"wp-block-cover__image-background wp-image-914\" alt=\"\" src=\"https:\/\/www.txotitelles.com\/wp-content\/uploads\/2022\/07\/COMPANYIA.jpg\" style=\"object-position:50% 54%\" data-object-fit=\"cover\" data-object-position=\"50% 54%\" srcset=\"https:\/\/www.txotitelles.com\/wp-content\/uploads\/2022\/07\/COMPANYIA.jpg 2000w, https:\/\/www.txotitelles.com\/wp-content\/uploads\/2022\/07\/COMPANYIA-300x200.jpg 300w, https:\/\/www.txotitelles.com\/wp-content\/uploads\/2022\/07\/COMPANYIA-1024x681.jpg 1024w, https:\/\/www.txotitelles.com\/wp-content\/uploads\/2022\/07\/COMPANYIA-768x511.jpg 768w, https:\/\/www.txotitelles.com\/wp-content\/uploads\/2022\/07\/COMPANYIA-1536x1022.jpg 1536w, https:\/\/www.txotitelles.com\/wp-content\/uploads\/2022\/07\/COMPANYIA-500x333.jpg 500w, https:\/\/www.txotitelles.com\/wp-content\/uploads\/2022\/07\/COMPANYIA-800x532.jpg 800w, https:\/\/www.txotitelles.com\/wp-content\/uploads\/2022\/07\/COMPANYIA-1280x852.jpg 1280w, https:\/\/www.txotitelles.com\/wp-content\/uploads\/2022\/07\/COMPANYIA-1920x1278.jpg 1920w, https:\/\/www.txotitelles.com\/wp-content\/uploads\/2022\/07\/COMPANYIA-600x400.jpg 600w\" sizes=\"auto, (max-width: 2000px) 100vw, 2000px\" \/><div class=\"wp-block-cover__inner-container is-layout-flow wp-block-cover-is-layout-flow\">\n<h1 class=\"has-text-align-center has-large-font-size wp-block-heading\">La compa\u00f1\u00eda<\/h1>\n<\/div><\/div>\n\n<div style=\"height:100px\" aria-hidden=\"true\" class=\"wp-block-spacer\"><\/div>\n\n<p><strong>TXO TITELLES<\/strong> nace el a\u00f1o 1995 de la mano de <a href=\"#nartxi\">Nartxi Azcargorta<\/a> <em>(Taun-Taun 1987-1995)<\/em> Al a\u00f1o siguiente se le a\u00f1ade <a href=\"#esther\">Esther Cabac\u00e9s<\/a><em> <\/em><em>(Tanxarina 1982-1986 y Zootrop 1988-1996)<\/em><\/p>\n\n<p><strong>La uni\u00f3n de dos titiriteros con largo recorrido profesional, fusiona la poes\u00eda, los artilugios y mecanismos de uno, y la pl\u00e1stica, creatividad y mirada na\u00cff de la otra, dando un sello propio a la compa\u00f1\u00eda.<\/strong><\/p>\n\n<p><strong>Nuestro primer espect\u00e1culo juntos \u201cAl\u00e9, Hop, caperucita&#8230;y el lobo??\u201d<\/strong> es la confirmaci\u00f3n de este fant\u00e1stico combinado, y premiado en varios Festivales, propulsa la nueva compa\u00f1\u00eda.<\/p>\n\n<p>Desde entonces, nuestras creaciones han sido m\u00faltiples y muy variadas: <strong>para un solo espectador, itinerantes, circo y variedades, espect\u00e1culos para beb\u00e9s, para p\u00fablico familiar, sin palabras&#8230;<\/strong> En todos y cada uno de ellos dando siempre el protagonismo a los t\u00edteres, siendo la manipulaci\u00f3n cuidada y virtuosa, adem\u00e1s de los ingenios y artefactos, la que mantiene la p\u00e1tina inicial de la compa\u00f1\u00eda.<\/p>\n\n<p>A lo largo de los a\u00f1os hemos contado con distintos <strong>colaboradores<\/strong>: el <strong>m\u00fasico y compositor Xabi Labaien, el saxofonista I\u00f1aki Arnal, el t\u00e9cnico y m\u00fasico Ignasi Pujol, y la actriz, payasa y titiritera Mireia Pe\u00f1a.<\/strong> <\/p>\n\n<p>Y m\u00e1s recientemente: las <strong>actrices\/titiriteras Rut Girona, Noa Azcargorta y N\u00faria Adan.<\/strong><\/p>\n\n<div style=\"height:30px\" aria-hidden=\"true\" class=\"wp-block-spacer\"><\/div>\n\n<div class=\"wp-block-genesis-blocks-gb-columns gb-layout-columns-1 one-column gb-has-custom-background-color gb-columns-center alignfull\" style=\"background-color:#f6f2f2\"><div class=\"gb-layout-column-wrap gb-block-layout-column-gap-2 gb-is-responsive-column\" style=\"max-width:900px\">\n<div class=\"wp-block-genesis-blocks-gb-column gb-block-layout-column\"><div class=\"gb-block-layout-column-inner\">\n<section class=\"wp-block-uagb-columns uagb-columns__wrap uagb-columns__background-undefined uagb-columns__stack-mobile uagb-columns__valign-undefined uagb-columns__gap-10 alignundefined uagb-block-feaa5095\"><div class=\"uagb-columns__overlay\"><\/div><div class=\"uagb-columns__inner-wrap uagb-columns__columns-1\">\n<div class=\"wp-block-uagb-column uagb-column__wrap uagb-column__background-undefined uagb-block-349919f1\"><div class=\"uagb-column__overlay\"><\/div><div class=\"uagb-column__inner-wrap\">\n<h3 class=\"has-text-align-center wp-block-heading\">Algunos de los premios que ha recibido la compa\u00f1\u00eda:<\/h3>\n\n\n\n<h4 class=\"has-text-align-center premi wp-block-heading\">L\u2019Al\u00ea, En Hop, La Caputxeta\u2026i el Llop??<\/h4>\n\n\n\n<p class=\"has-text-align-center\">Premio al <strong>mejor espect\u00e1culo<\/strong> XI festival de titelles de la Vall d\u2019Albaida, 1999<br\/>Premio a la <strong>mejor creaci\u00f3n pl\u00e1stica<\/strong> XI festival de titelles de la Vall d\u2019Albaida, 1999<\/p>\n\n\n\n<h4 class=\"has-text-align-center premi wp-block-heading\">Aventuras del Capit\u00e1n Patilla y su cuadrilla<\/h4>\n\n\n\n<p class=\"has-text-align-center\">Premio al <strong>mejor espacio esc\u00e9nico<\/strong> FETEN 2002<\/p>\n\n\n\n<h4 class=\"has-text-align-center premi wp-block-heading\">Circ-Cabaret Armando Rissotto<\/h4>\n\n\n\n<p class=\"has-text-align-center\">Premio al <strong>mejor espect\u00e1culo de t\u00edteres<\/strong> FETEN 2009<\/p>\n\n\n\n<hr class=\"wp-block-separator has-alpha-channel-opacity is-style-default roig\"\/>\n<\/div><\/div>\n<\/div><\/section>\n<\/div><\/div>\n<\/div><\/div>\n\n<div class=\"wp-block-anchor-block-standard\" id=\"esther\" data-anchor-padding=\"100\" style=\"--data-anchor-padding: 100px\"><\/div>\n\n<div style=\"height:50px\" aria-hidden=\"true\" class=\"wp-block-spacer\"><\/div>\n\n<h2 class=\"wp-block-heading\">Esther<\/h2>\n\n<p>Mi padre era fot\u00f3grafo, y cuando yo corr\u00eda por su estudio, me llamaba para que \u201cdistrajera\u201d alg\u00fan ni\u00f1o inquieto que no paraba de moverse mientras \u00e9l le hac\u00eda el retrato. <br\/>Yo cog\u00eda mu\u00f1ecos que hab\u00eda por ah\u00ed y los mov\u00eda haciendo vocecitas. De los 4 hermanos, mi padre s\u00f3lo me lo ped\u00eda a m\u00ed&#8230; deb\u00eda ver que funcionaba!<br\/>De jovencita, trabajando de monitora de comedor, distra\u00eda los mediod\u00edas aburridos de los alumnos, inventando historias y contando leyendas. A veces me animaba improvisando personajes con un cubo, una pala, un rastrillo&#8230;<\/p>\n\n<p>A los 18 a\u00f1os entr\u00e9 al Institut del Teatre, para estudiar con el maestro marionetista H.V.Tozer. Con su compa\u00f1\u00eda actu\u00e9 por primera vez \u201cen serio\u201d, en el V Festival Internacional de Titelles de BCN, en la Fundaci\u00f3 Mir\u00f3.<br\/>En aquella hornada de estudiantes hab\u00eda 5 procedentes de Gal\u00edcia, y decid\u00ed irme a vivir a su preciosa tierra. Con alguno de ellos fundamos Tanxarina, una de las primeras compa\u00f1\u00edas que empez\u00f3 a labrar el inh\u00f3spito terreno del teatro de t\u00edteres en aquellas tierras, (en aquella \u00e9poca, claro).<\/p>\n\n<p>La primavera del 87 un amigo que trabajaba con la compa\u00f1\u00eda Herta Frankel, me hizo un regalo maravilloso: cederme su plaza en un curso de todo un mes, con el genial Philippe Genty, ya que \u00e9l ten\u00eda que irse de gira. Una experiencia \u00fanica que me dio un fruto inesperado: En Groc. Un espect\u00e1culo sin palabras que creamos con N\u00faria Mestres y nuestra compa\u00f1\u00eda Zootrop. <br\/>Fueron a\u00f1os de viajar sin parar; de festival en festival: B\u00e9lgica, Alemania, Canad\u00e1, M\u00e9xico, Israel, Paquist\u00e1n, Dinamarca, Francia, Italia, Portugal&#8230;<br\/>Entre viaje y viaje, hice otros cursos y talleres con reconocidos titiriteros: el australiano Richard Bradshaw, el sueco Thomas Lundqvist, el chino Yang Feng&#8230;<\/p>\n\n<p>Desde el 96 formo parte de Txo titelles, compa\u00f1\u00eda instalada en un entorno privilegiado: el Montseny.<\/p>\n\n<div style=\"height:50px\" aria-hidden=\"true\" class=\"wp-block-spacer\"><\/div>\n\n<div class=\"wp-block-genesis-blocks-gb-columns gb-layout-columns-1 one-column gb-has-custom-background-color gb-columns-center alignfull\" style=\"background-color:#f6f2f2\"><div class=\"gb-layout-column-wrap gb-block-layout-column-gap-2 gb-is-responsive-column\" style=\"max-width:900px\">\n<div class=\"wp-block-genesis-blocks-gb-column gb-block-layout-column\"><div class=\"gb-block-layout-column-inner\">\n<section class=\"wp-block-uagb-columns uagb-columns__wrap uagb-columns__background-undefined uagb-columns__stack-mobile uagb-columns__valign-undefined uagb-columns__gap-10 alignundefined uagb-block-266cfb4b\"><div class=\"uagb-columns__overlay\"><\/div><div class=\"uagb-columns__inner-wrap uagb-columns__columns-1\">\n<div class=\"wp-block-uagb-column uagb-column__wrap uagb-column__background-undefined uagb-block-5cb10d8b\"><div class=\"uagb-column__overlay\"><\/div><div class=\"uagb-column__inner-wrap\"><\/div><\/div>\n<\/div><\/section>\n<\/div><\/div>\n<\/div><\/div>\n\n<div class=\"wp-block-anchor-block-standard\" id=\"nartxi\" data-anchor-padding=\"200\" style=\"--data-anchor-padding: 200px\"><\/div>\n\n<div style=\"height:50px\" aria-hidden=\"true\" class=\"wp-block-spacer\"><\/div>\n\n<h2 class=\"wp-block-heading\">Nartxi<\/h2>\n\n<p>De peque\u00f1o me apasionaba desmontar cualquier aparato que encontraba por casa, y volver a montarlo a mi manera. <br\/>Cuando todav\u00eda no ten\u00eda bigote, reparaba coches de Scalextric con tan buenos resultados, que una tienda del barrio le ped\u00eda encargos.<br\/>Con estas inquietudes y muy atra\u00eddo por la pl\u00e1stica y el movimiento, comenc\u00e9 mi carrera de titiritero el a\u00f1o 1987, fundando la compa\u00f1\u00eda vasca Taun Taun. Desde entonces no he parado en mi af\u00e1n de crear ilusi\u00f3n.<\/p>\n\n<p>Amplio mis conocimientos haciendo cursos y talleres con: el titiritero Joan Baixas de La Claca; el profesor de voz y ortofon\u00eda Jes\u00fas Aladren; dramat\u00fargia con el maestro b\u00falgaro Athanas Ilkov; curso de manipulaci\u00f3n y construcci\u00f3n con la compa\u00f1\u00eda inglesa Green Ginger; efectos especiales con Colin H. Arthur&#8230;<\/p>\n\n<p>El 1995 fundo la companyia TXO T\u00cdTERES en solitario, decido cambiar de aires y me traslado a Catalunya. <\/p>\n\n<p>Durante algunos a\u00f1os he alternado la creaci\u00f3n de espect\u00e1culos y el taller, con el trabajo de manipulador en programas televisivos: Piratak de ETB (1993); Anything Muppet de Barrio S\u00e9samo (1999-2000), Lutecio de Los Lunnis (2003-2006); Programa Curt de TV3 (2005)<\/p>\n\n<p>Mi objectivo de crear magia y fantas\u00eda, se ha visto recompensado creando muchos y muy distintos espect\u00e1culos e infinidad de trabajos en el taller&#8230;y recibiendo algunos premios:<\/p>\n\n<ul class=\"wp-block-list\"><li>Menci\u00f3n especial a la <strong>mejor interpretaci\u00f3n<\/strong> en el Primer Certamen de T\u00edteres de la Villa de Madrid<\/li><li>Menci\u00f3n especial a la <strong>mejor producci\u00f3n<\/strong> VI Muestra Internacional de Teatro Alternativo de Madrid. <\/li><\/ul>\n","protected":false},"excerpt":{"rendered":"<p>TXO TITELLES nace el a\u00f1o 1995 de la mano de Nartxi Azcargorta (Taun-Taun 1987-1995) Al a\u00f1o siguiente se le a\u00f1ade Esther Cabac\u00e9s (Tanxarina 1982-1986 y Zootrop 1988-1996) La uni\u00f3n de dos titiriteros con largo recorrido profesional, fusiona la poes\u00eda, los artilugios y mecanismos de uno, y la pl\u00e1stica, creatividad y mirada na\u00cff de la otra, [&hellip;]<\/p>\n","protected":false},"author":1,"featured_media":0,"parent":0,"menu_order":0,"comment_status":"closed","ping_status":"closed","template":"","meta":{"_uag_custom_page_level_css":"","_genesis_hide_title":true,"_genesis_hide_breadcrumbs":false,"_genesis_hide_singular_image":false,"_genesis_hide_footer_widgets":false,"_genesis_custom_body_class":"","_genesis_custom_post_class":"","_genesis_layout":"","_vp_format_video_url":"","_vp_image_focal_point":[],"footnotes":""},"categories":[],"tags":[],"class_list":{"0":"post-1623","1":"page","2":"type-page","3":"status-publish","5":"entry"},"featured_image_src":null,"featured_image_src_square":null,"uagb_featured_image_src":{"full":false,"thumbnail":false,"medium":false,"medium_large":false,"large":false,"1536x1536":false,"2048x2048":false,"sidebar-featured":false,"genesis-singular-images":false,"vp_sm":false,"vp_md":false,"vp_lg":false,"vp_xl":false,"vp_sm_popup":false,"vp_md_popup":false,"vp_xl_popup":false,"gb-block-post-grid-landscape":false,"gb-block-post-grid-square":false},"uagb_author_info":{"display_name":"estudi_z78vo73j","author_link":"https:\/\/www.txotitelles.com\/es\/author\/estudi_z78vo73j\/"},"uagb_comment_info":0,"uagb_excerpt":"TXO TITELLES nace el a\u00f1o 1995 de la mano de Nartxi Azcargorta (Taun-Taun 1987-1995) Al a\u00f1o siguiente se le a\u00f1ade Esther Cabac\u00e9s (Tanxarina 1982-1986 y Zootrop 1988-1996) La uni\u00f3n de dos titiriteros con largo recorrido profesional, fusiona la poes\u00eda, los artilugios y mecanismos de uno, y la pl\u00e1stica, creatividad y mirada na\u00cff de la otra,&hellip;","_links":{"self":[{"href":"https:\/\/www.txotitelles.com\/es\/wp-json\/wp\/v2\/pages\/1623","targetHints":{"allow":["GET"]}}],"collection":[{"href":"https:\/\/www.txotitelles.com\/es\/wp-json\/wp\/v2\/pages"}],"about":[{"href":"https:\/\/www.txotitelles.com\/es\/wp-json\/wp\/v2\/types\/page"}],"author":[{"embeddable":true,"href":"https:\/\/www.txotitelles.com\/es\/wp-json\/wp\/v2\/users\/1"}],"replies":[{"embeddable":true,"href":"https:\/\/www.txotitelles.com\/es\/wp-json\/wp\/v2\/comments?post=1623"}],"version-history":[{"count":7,"href":"https:\/\/www.txotitelles.com\/es\/wp-json\/wp\/v2\/pages\/1623\/revisions"}],"predecessor-version":[{"id":2207,"href":"https:\/\/www.txotitelles.com\/es\/wp-json\/wp\/v2\/pages\/1623\/revisions\/2207"}],"wp:attachment":[{"href":"https:\/\/www.txotitelles.com\/es\/wp-json\/wp\/v2\/media?parent=1623"}],"wp:term":[{"taxonomy":"category","embeddable":true,"href":"https:\/\/www.txotitelles.com\/es\/wp-json\/wp\/v2\/categories?post=1623"},{"taxonomy":"post_tag","embeddable":true,"href":"https:\/\/www.txotitelles.com\/es\/wp-json\/wp\/v2\/tags?post=1623"}],"curies":[{"name":"wp","href":"https:\/\/api.w.org\/{rel}","templated":true}]}}